{"id":186,"date":"2018-12-11T08:52:36","date_gmt":"2018-12-11T07:52:36","guid":{"rendered":"http:\/\/template-new.template.cmsmasters.net\/?page_id=186"},"modified":"2024-09-30T17:57:34","modified_gmt":"2024-09-30T15:57:34","slug":"actualites","status":"publish","type":"page","link":"https:\/\/bekairiavocat.fr\/en_en\/actualites\/","title":{"rendered":"Latest news"},"content":{"rendered":"<div id=\"cmsmasters_row_5dta01m9s8\" class=\"cmsmasters_row cmsmasters_color_scheme_default cmsmasters_row_top_default cmsmasters_row_bot_default cmsmasters_row_boxed\">\n<div class=\"cmsmasters_row_outer_parent\">\n<div class=\"cmsmasters_row_outer\">\n<div class=\"cmsmasters_row_inner\">\n<div class=\"cmsmasters_row_margin\">\n<div id=\"cmsmasters_column_7lmdswykob\" class=\"cmsmasters_column one_first\">\n<div class=\"cmsmasters_column_inner\"><div id=\"cmsmasters_heading_u0oui43kj\" class=\"cmsmasters_heading_wrap cmsmasters_heading_align_center\">\n\t<h2 class=\"cmsmasters_heading\">Latest news<\/h2>\n<\/div>\n<\/div><\/div>\n<\/div>\n<\/div>\n<\/div>\n<\/div>\n<\/div>\n<div id=\"cmsmasters_row_c776c596ae\" class=\"cmsmasters_row cmsmasters_color_scheme_default cmsmasters_row_top_default cmsmasters_row_bot_default cmsmasters_row_boxed\">\n<div class=\"cmsmasters_row_outer_parent\">\n<div class=\"cmsmasters_row_outer\">\n<div class=\"cmsmasters_row_inner\">\n<div class=\"cmsmasters_row_margin\">\n<div id=\"cmsmasters_column_4093d4004f\" class=\"cmsmasters_column one_first\">\n<div class=\"cmsmasters_column_inner\">\n<div id=\"blog_2e369fb650\" class=\"cmsmasters_wrap_blog entry-summary\" data-layout=\"standard\" data-layout-mode=\"\" data-url=\"https:\/\/bekairiavocat.fr\/wp-content\/plugins\/cmsmasters-content-composer\/\" data-orderby=\"date\" data-order=\"DESC\" data-count=\"10\" data-categories=\"\" data-metadata=\"date\" data-pagination=\"more\"><div class=\"blog standard\"><!-- Start Post Default Article -->\r\n<article id=\"post-24\" class=\"cmsmasters_post_default post-24 post type-post status-publish format-standard has-post-thumbnail hentry category-actualites\">\r\n\t<div class=\"cmsmasters_post_inner\">\t\t<div class=\"cmsmasters_post_cont\">\r\n\t\t<div class=\"cmsmasters_post_image_wrapper\"><figure class=\"cmsmasters_img_wrap\"><a href=\"https:\/\/bekairiavocat.fr\/en_en\/bienvenue-sur-bekairiavocat\/\" title=\"Bienvenue sur bekairiavocat.fr\" class=\"cmsmasters_img_link\"><\/a><\/figure><\/div><header class=\"cmsmasters_post_header entry-header\"><h3 class=\"cmsmasters_post_title entry-title\"><a href=\"https:\/\/bekairiavocat.fr\/en_en\/bienvenue-sur-bekairiavocat\/\" class=\"\">Bienvenue sur bekairiavocat.fr<\/a><\/h3><\/header><div class=\"cmsmasters_post_cont_info entry-meta\"><span class=\"cmsmasters_post_date\"><abbr class=\"published\" title=\"1 June 2020\">1 June 2020<\/abbr><abbr class=\"dn date updated\" title=\"18 June 2020\">18 June 2020<\/abbr><\/span><\/div><div class=\"cmsmasters_post_content entry-content\">\n<p>Tout d'abord, je vous remercie pour votre visite sur mon site!<br \/>\nJe vous invite \u00e0 d\u00e9couvrir les diff\u00e9rentes rubriques qui s'offrent \u00e0 vous.<\/p>\n<\/div>\n\t\t<\/div>\r\n\t<\/div>\r\n<\/article>\r\n<!-- Finish Post Default Article -->\r\n\r\n<\/div><div class=\"cmsmasters_wrap_more_posts cmsmasters_wrap_more_items\"><\/div><\/div>\n<\/div><\/div>\n<\/div>\n<\/div>\n<\/div>\n<\/div>\n<\/div>\n<div id=\"cmsmasters_row_mqun6gdfu8\" class=\"cmsmasters_row cmsmasters_color_scheme_default cmsmasters_row_fix_top_index cmsmasters_row_top_default cmsmasters_row_bot_default cmsmasters_row_boxed\">\n<div class=\"cmsmasters_row_outer_parent\">\n<div class=\"cmsmasters_row_outer\">\n<div class=\"cmsmasters_row_inner cmsmasters_row_no_margin\">\n<div class=\"cmsmasters_row_margin cmsmasters_row_columns_behavior\">\n<div id=\"cmsmasters_column_r9f17jey0r\" class=\"cmsmasters_column one_half\">\n<div class=\"cmsmasters_column_inner\"><div id=\"cmsmasters_icon_box_m3lrkf0gho\" class=\"cmsmasters_icon_box cmsmasters_icon_box_left box_icon_type_icon cmsmasters-icon-envelope-empty\">\n<div class=\"icon_box_inner\">\n<div class=\"icon_box_text\">\n<h2 style=\"margin-top: 20px;\">06 29 68 25 86<br \/>\n<a href=\"mailto:contact@bekairiavocat.fr\">contact@bekairiavocat.fr<\/a><\/h2>\n<\/div>\n<\/div>\n<\/div>\n<\/div><\/div>\n<div id=\"cmsmasters_column_1isx2m226\" class=\"cmsmasters_column one_half\">\n<div class=\"cmsmasters_column_inner\"><div id=\"cmsmasters_button_a32ck9djnn\" class=\"button_wrap\"><a href=\"\/en_en\/contact\/\" class=\"cmsmasters_button\"><span>CONTACT Me BEKAIRI<\/span><\/a><\/div>\n<\/div><\/div>\n<\/div>\n<\/div>\n<\/div>\n<\/div>\n<\/div>\n<div id=\"cmsmasters_row_jpemktrz9t\" class=\"cmsmasters_row cmsmasters_color_scheme_first cmsmasters_row_top_default cmsmasters_row_bot_default cmsmasters_row_boxed\">\n<div class=\"cmsmasters_row_outer_parent\">\n<div class=\"cmsmasters_row_outer\">\n<div class=\"cmsmasters_row_inner\">\n<div class=\"cmsmasters_row_margin\">\n<div id=\"cmsmasters_column_7blb2bj80w\" class=\"cmsmasters_column one_half\">\n<div class=\"cmsmasters_column_inner\"><div id=\"cmsmasters_fb_6da2cfh6\" class=\"cmsmasters_featured_block\">\n<div class=\"featured_block_inner\">\n<div class=\"featured_block_text\">\n<p>385 boulevard Robert Koch<br \/>\nImmeuble Le Triangle, B\u00e2timent B, 2<sup>\u00e8me<\/sup> \u00e9tage, Bureau 120<br \/>\n34500 B\u00e9ziers<\/p>\n\n<\/div>\n<\/div>\n<\/div>\n<\/div><\/div>\n<div id=\"cmsmasters_column_snb7sn227c\" class=\"cmsmasters_column one_half\">\n<div class=\"cmsmasters_column_inner\"><\/div><\/div>\n<\/div>\n<\/div>\n<\/div>\n<\/div>\n<\/div>","protected":false},"excerpt":{"rendered":"","protected":false},"author":1,"featured_media":0,"parent":0,"menu_order":4,"comment_status":"closed","ping_status":"closed","template":"","meta":{"footnotes":""},"class_list":["post-186","page","type-page","status-publish","hentry"],"yoast_head":"<!-- This site is optimized with the Yoast SEO plugin v27.4 - https:\/\/yoast.com\/product\/yoast-seo-wordpress\/ -->\n<title>Actualit\u00e9 propos\u00e9e par Yoann Bekairi Avocat \u00e0 B\u00e9ziers<\/title>\n<meta name=\"description\" content=\"Un avocat au service des entreprises et des particuliers. Intervenant principalemnt \u00e0 Montpellier et \u00e0 B\u00e9ziers.\" \/>\n<meta name=\"robots\" content=\"index, follow, max-snippet:-1, max-image-preview:large, max-video-preview:-1\" \/>\n<link rel=\"canonical\" href=\"https:\/\/bekairiavocat.fr\/en_en\/actualites\/\" \/>\n<meta property=\"og:locale\" content=\"en_GB\" \/>\n<meta property=\"og:type\" content=\"article\" \/>\n<meta property=\"og:title\" content=\"Actualit\u00e9 propos\u00e9e par Yoann Bekairi Avocat \u00e0 B\u00e9ziers\" \/>\n<meta property=\"og:description\" content=\"Un avocat au service des entreprises et des particuliers. Intervenant principalemnt \u00e0 Montpellier et \u00e0 B\u00e9ziers.\" \/>\n<meta property=\"og:url\" content=\"https:\/\/bekairiavocat.fr\/en_en\/actualites\/\" \/>\n<meta property=\"og:site_name\" content=\"Yoann Bekairi Avocat\" \/>\n<meta property=\"article:modified_time\" content=\"2024-09-30T15:57:34+00:00\" \/>\n<meta property=\"og:image\" content=\"https:\/\/bekairiavocat.fr\/wp-content\/uploads\/2020\/03\/logotype-ypann-bekaire-bleu.jpg\" \/>\n\t<meta property=\"og:image:width\" content=\"1500\" \/>\n\t<meta property=\"og:image:height\" content=\"1500\" \/>\n\t<meta property=\"og:image:type\" content=\"image\/jpeg\" \/>\n<meta name=\"twitter:card\" content=\"summary_large_image\" \/>\n<meta name=\"twitter:label1\" content=\"Estimated reading time\" \/>\n\t<meta name=\"twitter:data1\" content=\"2 minutes\" \/>\n<!-- \/ Yoast SEO plugin. -->","yoast_head_json":{"title":"Actualit\u00e9 propos\u00e9e par Yoann Bekairi Avocat \u00e0 B\u00e9ziers","description":"Un avocat au service des entreprises et des particuliers. Intervenant principalemnt \u00e0 Montpellier et \u00e0 B\u00e9ziers.","robots":{"index":"index","follow":"follow","max-snippet":"max-snippet:-1","max-image-preview":"max-image-preview:large","max-video-preview":"max-video-preview:-1"},"canonical":"https:\/\/bekairiavocat.fr\/en_en\/actualites\/","og_locale":"en_GB","og_type":"article","og_title":"Actualit\u00e9 propos\u00e9e par Yoann Bekairi Avocat \u00e0 B\u00e9ziers","og_description":"Un avocat au service des entreprises et des particuliers. Intervenant principalemnt \u00e0 Montpellier et \u00e0 B\u00e9ziers.","og_url":"https:\/\/bekairiavocat.fr\/en_en\/actualites\/","og_site_name":"Yoann Bekairi Avocat","article_modified_time":"2024-09-30T15:57:34+00:00","og_image":[{"width":1500,"height":1500,"url":"https:\/\/bekairiavocat.fr\/wp-content\/uploads\/2020\/03\/logotype-ypann-bekaire-bleu.jpg","type":"image\/jpeg"}],"twitter_card":"summary_large_image","twitter_misc":{"Estimated reading time":"2 minutes"},"schema":{"@context":"https:\/\/schema.org","@graph":[{"@type":"WebPage","@id":"https:\/\/bekairiavocat.fr\/actualites\/","url":"https:\/\/bekairiavocat.fr\/actualites\/","name":"Actualit\u00e9 propos\u00e9e par Yoann Bekairi Avocat \u00e0 B\u00e9ziers","isPartOf":{"@id":"https:\/\/bekairiavocat.fr\/#website"},"datePublished":"2018-12-11T07:52:36+00:00","dateModified":"2024-09-30T15:57:34+00:00","description":"Un avocat au service des entreprises et des particuliers. Intervenant principalemnt \u00e0 Montpellier et \u00e0 B\u00e9ziers.","breadcrumb":{"@id":"https:\/\/bekairiavocat.fr\/actualites\/#breadcrumb"},"inLanguage":"en-GB","potentialAction":[{"@type":"ReadAction","target":["https:\/\/bekairiavocat.fr\/actualites\/"]}]},{"@type":"BreadcrumbList","@id":"https:\/\/bekairiavocat.fr\/actualites\/#breadcrumb","itemListElement":[{"@type":"ListItem","position":1,"name":"Home","item":"https:\/\/bekairiavocat.fr\/"},{"@type":"ListItem","position":2,"name":"Actualit\u00e9s"}]},{"@type":"WebSite","@id":"https:\/\/bekairiavocat.fr\/#website","url":"https:\/\/bekairiavocat.fr\/","name":"Yoann Bekairi Avocat","description":"B\u00e9ziers &amp; Montpellier","publisher":{"@id":"https:\/\/bekairiavocat.fr\/#organization"},"potentialAction":[{"@type":"SearchAction","target":{"@type":"EntryPoint","urlTemplate":"https:\/\/bekairiavocat.fr\/?s={search_term_string}"},"query-input":{"@type":"PropertyValueSpecification","valueRequired":true,"valueName":"search_term_string"}}],"inLanguage":"en-GB"},{"@type":"Organization","@id":"https:\/\/bekairiavocat.fr\/#organization","name":"Yoann Bekairi Avocat","url":"https:\/\/bekairiavocat.fr\/","logo":{"@type":"ImageObject","inLanguage":"en-GB","@id":"https:\/\/bekairiavocat.fr\/#\/schema\/logo\/image\/","url":"https:\/\/bekairiavocat.fr\/wp-content\/uploads\/2020\/03\/logotype-ypann-bekaire-bleu.jpg","contentUrl":"https:\/\/bekairiavocat.fr\/wp-content\/uploads\/2020\/03\/logotype-ypann-bekaire-bleu.jpg","width":1500,"height":1500,"caption":"Yoann Bekairi Avocat"},"image":{"@id":"https:\/\/bekairiavocat.fr\/#\/schema\/logo\/image\/"},"sameAs":["https:\/\/www.linkedin.com\/in\/yoann-bekairi-33ab63ab\/?originalSubdomain=fr"]}]}},"_links":{"self":[{"href":"https:\/\/bekairiavocat.fr\/en_en\/wp-json\/wp\/v2\/pages\/186","targetHints":{"allow":["GET"]}}],"collection":[{"href":"https:\/\/bekairiavocat.fr\/en_en\/wp-json\/wp\/v2\/pages"}],"about":[{"href":"https:\/\/bekairiavocat.fr\/en_en\/wp-json\/wp\/v2\/types\/page"}],"author":[{"embeddable":true,"href":"https:\/\/bekairiavocat.fr\/en_en\/wp-json\/wp\/v2\/users\/1"}],"replies":[{"embeddable":true,"href":"https:\/\/bekairiavocat.fr\/en_en\/wp-json\/wp\/v2\/comments?post=186"}],"version-history":[{"count":13,"href":"https:\/\/bekairiavocat.fr\/en_en\/wp-json\/wp\/v2\/pages\/186\/revisions"}],"predecessor-version":[{"id":1980,"href":"https:\/\/bekairiavocat.fr\/en_en\/wp-json\/wp\/v2\/pages\/186\/revisions\/1980"}],"wp:attachment":[{"href":"https:\/\/bekairiavocat.fr\/en_en\/wp-json\/wp\/v2\/media?parent=186"}],"curies":[{"name":"wp","href":"https:\/\/api.w.org\/{rel}","templated":true}]}}