{"id":118,"date":"2018-12-10T15:34:36","date_gmt":"2018-12-10T14:34:36","guid":{"rendered":"http:\/\/template-new.template.cmsmasters.net\/?page_id=118"},"modified":"2024-09-30T17:57:53","modified_gmt":"2024-09-30T15:57:53","slug":"contact","status":"publish","type":"page","link":"https:\/\/bekairiavocat.fr\/en_en\/contact\/","title":{"rendered":"Contact us"},"content":{"rendered":"<div id=\"cmsmasters_row_nodeosaln\" class=\"cmsmasters_row cmsmasters_color_scheme_default cmsmasters_row_top_default cmsmasters_row_bot_default cmsmasters_row_boxed\">\n<div class=\"cmsmasters_row_outer_parent\">\n<div class=\"cmsmasters_row_outer\">\n<div class=\"cmsmasters_row_inner\">\n<div class=\"cmsmasters_row_margin\">\n<div id=\"cmsmasters_column_7lmdswykob\" class=\"cmsmasters_column one_first\">\n<div class=\"cmsmasters_column_inner\"><div id=\"cmsmasters_heading_pyc6hjlep\" class=\"cmsmasters_heading_wrap cmsmasters_heading_align_center\">\n\t<h2 class=\"cmsmasters_heading\">Contact us<\/h2>\n<\/div>\n<\/div><\/div>\n<\/div>\n<\/div>\n<\/div>\n<\/div>\n<\/div>\n<div id=\"cmsmasters_row_fd05d4bac4\" class=\"cmsmasters_row cmsmasters_color_scheme_default cmsmasters_row_top_default cmsmasters_row_bot_default cmsmasters_row_boxed\">\n<div class=\"cmsmasters_row_outer_parent\">\n<div class=\"cmsmasters_row_outer\">\n<div class=\"cmsmasters_row_inner\">\n<div class=\"cmsmasters_row_margin\">\n<div id=\"cmsmasters_column_4306289b4f\" class=\"cmsmasters_column one_half\">\n<div class=\"cmsmasters_column_inner\"><div class=\"custom_html\">\n<iframe loading=\"lazy\" src=\"https:\/\/www.google.com\/maps\/embed?pb=!1m14!1m8!1m3!1d11607.63801839072!2d3.2239883!3d43.3370827!3m2!1i1024!2i768!4f13.1!3m3!1m2!1s0x0%3A0x327d536fd7f1898!2sYoann%20Bekairi%20Avocat!5e0!3m2!1sfr!2sfr!4v1592490957636!5m2!1sfr!2sfr\" width=\"600\" height=\"450\" frameborder=\"0\" style=\"border:0;\" allowfullscreen=\"\" aria-hidden=\"false\" tabindex=\"0\"><\/iframe>\n<\/div>\n<\/div><\/div>\n<div id=\"cmsmasters_column_bv4g6ajmel\" class=\"cmsmasters_column one_half\">\n<div class=\"cmsmasters_column_inner\"><div id=\"cmsmasters_heading_melzdrq0my\" class=\"cmsmasters_heading_wrap cmsmasters_heading_align_center\">\n\t<h2 class=\"cmsmasters_heading\">Write to Master Bekairi<\/h2>\n<\/div>\n<div class=\"cmsmasters_contact_form\">\n<div class=\"wpcf7 no-js\" id=\"wpcf7-f1389-o1\" lang=\"en-US\" dir=\"ltr\" data-wpcf7-id=\"1389\">\n<div class=\"screen-reader-response\"><p role=\"status\" aria-live=\"polite\" aria-atomic=\"true\"><\/p> <ul><\/ul><\/div>\n<form action=\"\/en_en\/wp-json\/wp\/v2\/pages\/118#wpcf7-f1389-o1\" method=\"post\" class=\"wpcf7-form init\" aria-label=\"Contact form\" novalidate=\"novalidate\" data-status=\"init\" data-trp-original-action=\"\/en_en\/wp-json\/wp\/v2\/pages\/118#wpcf7-f1389-o1\">\n<fieldset class=\"hidden-fields-container\"><input type=\"hidden\" name=\"_wpcf7\" value=\"1389\" \/><input type=\"hidden\" name=\"_wpcf7_version\" value=\"6.1.5\" \/><input type=\"hidden\" name=\"_wpcf7_locale\" value=\"en_US\" \/><input type=\"hidden\" name=\"_wpcf7_unit_tag\" value=\"wpcf7-f1389-o1\" \/><input type=\"hidden\" name=\"_wpcf7_container_post\" value=\"0\" \/><input type=\"hidden\" name=\"_wpcf7_posted_data_hash\" value=\"\" \/><input type=\"hidden\" name=\"_wpcf7_recaptcha_response\" value=\"\" \/>\n<\/fieldset>\n<div class=\"cmsmasters-form-builder form_contact\">\n\t<div class=\"form_info one_half form_name\">\n\t\t<p><span class=\"wpcf7-form-control-wrap\" data-name=\"your-name\"><input size=\"40\" maxlength=\"400\" class=\"wpcf7-form-control wpcf7-text wpcf7-validates-as-required\" aria-required=\"true\" aria-invalid=\"false\" placeholder=\"Your name*\" value=\"\" type=\"text\" name=\"your-name\" \/><\/span>\n\t\t<\/p>\n\t<\/div>\n\t<div class=\"form_info one_half form_email\">\n\t\t<p><span class=\"wpcf7-form-control-wrap\" data-name=\"your-email\"><input size=\"40\" maxlength=\"400\" class=\"wpcf7-form-control wpcf7-email wpcf7-validates-as-required wpcf7-text wpcf7-validates-as-email\" aria-required=\"true\" aria-invalid=\"false\" placeholder=\"Your email*\" value=\"\" type=\"email\" name=\"your-email\" \/><\/span>\n\t\t<\/p>\n\t<\/div>\n\t<div class=\"form_info one_first form_message\">\n\t\t<p><span class=\"wpcf7-form-control-wrap\" data-name=\"your-message\"><textarea cols=\"40\" rows=\"10\" maxlength=\"2000\" class=\"wpcf7-form-control wpcf7-textarea wpcf7-validates-as-required\" aria-required=\"true\" aria-invalid=\"false\" placeholder=\"Message\" name=\"your-message\"><\/textarea><\/span>\n\t\t<\/p>\n\t<\/div>\n\t<div class=\"form_info one_first submit_wrap\">\n\t\t<p><input class=\"wpcf7-form-control wpcf7-submit has-spinner\" type=\"submit\" value=\"Send\" \/>\n\t\t<\/p>\n\t<\/div>\n<\/div><div class=\"wpcf7-response-output\" aria-hidden=\"true\"><\/div>\n<input type=\"hidden\" name=\"trp-form-language\" value=\"en_en\"\/><\/form>\n<\/div>\n<\/div>\n<\/div><\/div>\n<\/div>\n<\/div>\n<\/div>\n<\/div>\n<\/div>\n<div id=\"cmsmasters_row_izgw1tdgqe\" class=\"cmsmasters_row cmsmasters_color_scheme_default cmsmasters_row_fix_top_index cmsmasters_row_top_default cmsmasters_row_bot_default cmsmasters_row_boxed\">\n<div class=\"cmsmasters_row_outer_parent\">\n<div class=\"cmsmasters_row_outer\">\n<div class=\"cmsmasters_row_inner cmsmasters_row_no_margin\">\n<div class=\"cmsmasters_row_margin cmsmasters_row_columns_behavior\">\n<div id=\"cmsmasters_column_r9f17jey0r\" class=\"cmsmasters_column one_half\">\n<div class=\"cmsmasters_column_inner\"><div id=\"cmsmasters_icon_box_tuzgyzobpq\" class=\"cmsmasters_icon_box cmsmasters_icon_box_left box_icon_type_icon cmsmasters-icon-envelope-empty\">\n<div class=\"icon_box_inner\">\n<div class=\"icon_box_text\">\n<h2 style=\"margin-top: 20px;\">06 29 68 25 86<br \/>\n<a href=\"mailto:contact@bekairiavocat.fr\">contact@bekairiavocat.fr<\/a><\/h2>\n<\/div>\n<\/div>\n<\/div>\n<\/div><\/div>\n<div id=\"cmsmasters_column_1isx2m226\" class=\"cmsmasters_column one_half\">\n<div class=\"cmsmasters_column_inner\"><div id=\"cmsmasters_button_2yff8v8lvm\" class=\"button_wrap\"><a href=\"\/en_en\/contact\/\" class=\"cmsmasters_button\"><span>CONTACT Me BEKAIRI<\/span><\/a><\/div>\n<\/div><\/div>\n<\/div>\n<\/div>\n<\/div>\n<\/div>\n<\/div>\n<div id=\"cmsmasters_row_5wbldn39ui\" class=\"cmsmasters_row cmsmasters_color_scheme_first cmsmasters_row_top_default cmsmasters_row_bot_default cmsmasters_row_boxed\">\n<div class=\"cmsmasters_row_outer_parent\">\n<div class=\"cmsmasters_row_outer\">\n<div class=\"cmsmasters_row_inner\">\n<div class=\"cmsmasters_row_margin\">\n<div id=\"cmsmasters_column_7blb2bj80w\" class=\"cmsmasters_column one_half\">\n<div class=\"cmsmasters_column_inner\"><div id=\"cmsmasters_fb_beara8amb9\" class=\"cmsmasters_featured_block\">\n<div class=\"featured_block_inner\">\n<div class=\"featured_block_text\">\n<p>385 boulevard Robert Koch<br \/>\nImmeuble Le Triangle, B\u00e2timent B, 2<sup>\u00e8me<\/sup> \u00e9tage, Bureau 120<br \/>\n34500 B\u00e9ziers<\/p>\n\n<\/div>\n<\/div>\n<\/div>\n<\/div><\/div>\n<div id=\"cmsmasters_column_snb7sn227c\" class=\"cmsmasters_column one_half\">\n<div class=\"cmsmasters_column_inner\"><\/div><\/div>\n<\/div>\n<\/div>\n<\/div>\n<\/div>\n<\/div>","protected":false},"excerpt":{"rendered":"","protected":false},"author":1,"featured_media":0,"parent":0,"menu_order":5,"comment_status":"closed","ping_status":"closed","template":"","meta":{"footnotes":""},"class_list":["post-118","page","type-page","status-publish","hentry"],"yoast_head":"<!-- This site is optimized with the Yoast SEO plugin v27.3 - https:\/\/yoast.com\/product\/yoast-seo-wordpress\/ -->\n<title>Cordonn\u00e9es avocat, Bekairi Yoann \u00e0 B\u00e9ziers<\/title>\n<meta name=\"description\" content=\"Un avocat au service des entreprises et des particuliers. Intervenant principalemnt \u00e0 Montpellier et \u00e0 B\u00e9ziers.\" \/>\n<meta name=\"robots\" content=\"index, follow, max-snippet:-1, max-image-preview:large, max-video-preview:-1\" \/>\n<link rel=\"canonical\" href=\"https:\/\/bekairiavocat.fr\/en_en\/contact\/\" \/>\n<meta property=\"og:locale\" content=\"en_GB\" \/>\n<meta property=\"og:type\" content=\"article\" \/>\n<meta property=\"og:title\" content=\"Cordonn\u00e9es avocat, Bekairi Yoann \u00e0 B\u00e9ziers\" \/>\n<meta property=\"og:description\" content=\"Un avocat au service des entreprises et des particuliers. Intervenant principalemnt \u00e0 Montpellier et \u00e0 B\u00e9ziers.\" \/>\n<meta property=\"og:url\" content=\"https:\/\/bekairiavocat.fr\/en_en\/contact\/\" \/>\n<meta property=\"og:site_name\" content=\"Yoann Bekairi Avocat\" \/>\n<meta property=\"article:modified_time\" content=\"2024-09-30T15:57:53+00:00\" \/>\n<meta property=\"og:image\" content=\"https:\/\/bekairiavocat.fr\/wp-content\/uploads\/2020\/03\/logotype-ypann-bekaire-bleu.jpg\" \/>\n\t<meta property=\"og:image:width\" content=\"1500\" \/>\n\t<meta property=\"og:image:height\" content=\"1500\" \/>\n\t<meta property=\"og:image:type\" content=\"image\/jpeg\" \/>\n<meta name=\"twitter:card\" content=\"summary_large_image\" \/>\n<meta name=\"twitter:label1\" content=\"Estimated reading time\" \/>\n\t<meta name=\"twitter:data1\" content=\"2 minutes\" \/>\n<!-- \/ Yoast SEO plugin. -->","yoast_head_json":{"title":"Cordonn\u00e9es avocat, Bekairi Yoann \u00e0 B\u00e9ziers","description":"Un avocat au service des entreprises et des particuliers. Intervenant principalemnt \u00e0 Montpellier et \u00e0 B\u00e9ziers.","robots":{"index":"index","follow":"follow","max-snippet":"max-snippet:-1","max-image-preview":"max-image-preview:large","max-video-preview":"max-video-preview:-1"},"canonical":"https:\/\/bekairiavocat.fr\/en_en\/contact\/","og_locale":"en_GB","og_type":"article","og_title":"Cordonn\u00e9es avocat, Bekairi Yoann \u00e0 B\u00e9ziers","og_description":"Un avocat au service des entreprises et des particuliers. Intervenant principalemnt \u00e0 Montpellier et \u00e0 B\u00e9ziers.","og_url":"https:\/\/bekairiavocat.fr\/en_en\/contact\/","og_site_name":"Yoann Bekairi Avocat","article_modified_time":"2024-09-30T15:57:53+00:00","og_image":[{"width":1500,"height":1500,"url":"https:\/\/bekairiavocat.fr\/wp-content\/uploads\/2020\/03\/logotype-ypann-bekaire-bleu.jpg","type":"image\/jpeg"}],"twitter_card":"summary_large_image","twitter_misc":{"Estimated reading time":"2 minutes"},"schema":{"@context":"https:\/\/schema.org","@graph":[{"@type":"WebPage","@id":"https:\/\/bekairiavocat.fr\/contact\/","url":"https:\/\/bekairiavocat.fr\/contact\/","name":"Cordonn\u00e9es avocat, Bekairi Yoann \u00e0 B\u00e9ziers","isPartOf":{"@id":"https:\/\/bekairiavocat.fr\/#website"},"datePublished":"2018-12-10T14:34:36+00:00","dateModified":"2024-09-30T15:57:53+00:00","description":"Un avocat au service des entreprises et des particuliers. Intervenant principalemnt \u00e0 Montpellier et \u00e0 B\u00e9ziers.","breadcrumb":{"@id":"https:\/\/bekairiavocat.fr\/contact\/#breadcrumb"},"inLanguage":"en-GB","potentialAction":[{"@type":"ReadAction","target":["https:\/\/bekairiavocat.fr\/contact\/"]}]},{"@type":"BreadcrumbList","@id":"https:\/\/bekairiavocat.fr\/contact\/#breadcrumb","itemListElement":[{"@type":"ListItem","position":1,"name":"Home","item":"https:\/\/bekairiavocat.fr\/"},{"@type":"ListItem","position":2,"name":"Contact"}]},{"@type":"WebSite","@id":"https:\/\/bekairiavocat.fr\/#website","url":"https:\/\/bekairiavocat.fr\/","name":"Yoann Bekairi Avocat","description":"B\u00e9ziers &amp; Montpellier","publisher":{"@id":"https:\/\/bekairiavocat.fr\/#organization"},"potentialAction":[{"@type":"SearchAction","target":{"@type":"EntryPoint","urlTemplate":"https:\/\/bekairiavocat.fr\/?s={search_term_string}"},"query-input":{"@type":"PropertyValueSpecification","valueRequired":true,"valueName":"search_term_string"}}],"inLanguage":"en-GB"},{"@type":"Organization","@id":"https:\/\/bekairiavocat.fr\/#organization","name":"Yoann Bekairi Avocat","url":"https:\/\/bekairiavocat.fr\/","logo":{"@type":"ImageObject","inLanguage":"en-GB","@id":"https:\/\/bekairiavocat.fr\/#\/schema\/logo\/image\/","url":"https:\/\/bekairiavocat.fr\/wp-content\/uploads\/2020\/03\/logotype-ypann-bekaire-bleu.jpg","contentUrl":"https:\/\/bekairiavocat.fr\/wp-content\/uploads\/2020\/03\/logotype-ypann-bekaire-bleu.jpg","width":1500,"height":1500,"caption":"Yoann Bekairi Avocat"},"image":{"@id":"https:\/\/bekairiavocat.fr\/#\/schema\/logo\/image\/"},"sameAs":["https:\/\/www.linkedin.com\/in\/yoann-bekairi-33ab63ab\/?originalSubdomain=fr"]}]}},"_links":{"self":[{"href":"https:\/\/bekairiavocat.fr\/en_en\/wp-json\/wp\/v2\/pages\/118","targetHints":{"allow":["GET"]}}],"collection":[{"href":"https:\/\/bekairiavocat.fr\/en_en\/wp-json\/wp\/v2\/pages"}],"about":[{"href":"https:\/\/bekairiavocat.fr\/en_en\/wp-json\/wp\/v2\/types\/page"}],"author":[{"embeddable":true,"href":"https:\/\/bekairiavocat.fr\/en_en\/wp-json\/wp\/v2\/users\/1"}],"replies":[{"embeddable":true,"href":"https:\/\/bekairiavocat.fr\/en_en\/wp-json\/wp\/v2\/comments?post=118"}],"version-history":[{"count":29,"href":"https:\/\/bekairiavocat.fr\/en_en\/wp-json\/wp\/v2\/pages\/118\/revisions"}],"predecessor-version":[{"id":1981,"href":"https:\/\/bekairiavocat.fr\/en_en\/wp-json\/wp\/v2\/pages\/118\/revisions\/1981"}],"wp:attachment":[{"href":"https:\/\/bekairiavocat.fr\/en_en\/wp-json\/wp\/v2\/media?parent=118"}],"curies":[{"name":"wp","href":"https:\/\/api.w.org\/{rel}","templated":true}]}}