{"id":1163,"date":"2019-04-25T13:27:47","date_gmt":"2019-04-25T11:27:47","guid":{"rendered":"https:\/\/attornix.cmsmasters.net\/?page_id=1163"},"modified":"2024-09-30T17:57:16","modified_gmt":"2024-09-30T15:57:16","slug":"honoraires","status":"publish","type":"page","link":"https:\/\/bekairiavocat.fr\/en_en\/honoraires\/","title":{"rendered":"Fees"},"content":{"rendered":"<div id=\"cmsmasters_row_wvryaup3ph\" class=\"cmsmasters_row cmsmasters_color_scheme_default cmsmasters_row_top_default cmsmasters_row_bot_default cmsmasters_row_boxed\">\n<div class=\"cmsmasters_row_outer_parent\">\n<div class=\"cmsmasters_row_outer\">\n<div class=\"cmsmasters_row_inner\">\n<div class=\"cmsmasters_row_margin\">\n<div id=\"cmsmasters_column_7lmdswykob\" class=\"cmsmasters_column one_first\">\n<div class=\"cmsmasters_column_inner\"><div id=\"cmsmasters_heading_mgz9rxguw6\" class=\"cmsmasters_heading_wrap cmsmasters_heading_align_center\">\n\t<h2 class=\"cmsmasters_heading\">Fees<\/h2>\n<\/div>\n<\/div><\/div>\n<\/div>\n<\/div>\n<\/div>\n<\/div>\n<\/div>\n<div id=\"cmsmasters_row_r0nhvcnxb9\" class=\"cmsmasters_row cmsmasters_color_scheme_default cmsmasters_row_top_default cmsmasters_row_bot_default cmsmasters_row_boxed\">\n<div class=\"cmsmasters_row_outer_parent\">\n<div class=\"cmsmasters_row_outer\">\n<div class=\"cmsmasters_row_inner\">\n<div class=\"cmsmasters_row_margin\">\n<div id=\"cmsmasters_column_plx4f83e9f\" class=\"cmsmasters_column one_first\">\n<div class=\"cmsmasters_column_inner\"><div id=\"cmsmasters_heading_u4ofv3fkv\" class=\"cmsmasters_heading_wrap cmsmasters_heading_align_left\">\n\t<h3 class=\"cmsmasters_heading\">Ma\u00eetre BEKAIRI adapts his fees to the needs and resources of his clients<\/h3>\n<\/div><div class=\"cmsmasters_text\">\n<p>In accordance with the National Internal Regulations of the profession of lawyer, Ma\u00eetre BEKAIRI informs his clients, from the first meeting, of the procedures for determining his fees and regularly informs them of the evolution of their amount.<\/p>\n<p>Ma\u00eetre BEKAIRI's fees are set by mutual agreement with his clients, depending in particular on the time spent on the case.<\/p>\n<p>Ma\u00eetre BEKAIRI's fees can take the form of an hourly rate, a flat rate (associated with a performance fee, if applicable) or a subscription.<\/p>\n<p>Under his conditions, Ma\u00eetre BEKAIRI offers his clients to sign a fee agreement specifying in particular the amount or the method of determining the fees (hourly rate, flat rate, subscription, etc.), as well as the various costs envisaged.<\/p>\n<p>Ma\u00eetre BEKAIRI may ask his clients for the prior payment of a provision against his costs and fees.<\/p>\n<p class=\"translation-block\">Ma\u00eetre BEKAIRI can also offer its clients a <u> schedule <\/u>, in the event of <u> financial difficulties <\/u>.<\/p>\n<p>Payment of Master BEKAIRI's fees can be made by check, transfer or cash and will result in the establishment of an invoice.<\/p>\n<\/div>\n<\/div><\/div>\n<\/div>\n<\/div>\n<\/div>\n<\/div>\n<\/div>\n<div id=\"cmsmasters_row_p5iwb1b27y\" class=\"cmsmasters_row cmsmasters_color_scheme_default cmsmasters_row_top_default cmsmasters_row_bot_default cmsmasters_row_boxed\">\n<div class=\"cmsmasters_row_outer_parent\">\n<div class=\"cmsmasters_row_outer\">\n<div class=\"cmsmasters_row_inner\">\n<div class=\"cmsmasters_row_margin\">\n<div id=\"cmsmasters_column_v8p2hbhh8a\" class=\"cmsmasters_column one_first\">\n<div class=\"cmsmasters_column_inner\"><div id=\"cmsmasters_heading_rlx6j61at\" class=\"cmsmasters_heading_wrap cmsmasters_heading_align_center\">\n\t<h3 class=\"cmsmasters_heading\">Master Bekairi accepts<\/h3>\n<\/div>\n<\/div><\/div>\n<\/div>\n<\/div>\n<\/div>\n<\/div>\n<\/div>\n<div id=\"cmsmasters_row_z6qjdtqp01\" class=\"cmsmasters_row cmsmasters_color_scheme_default cmsmasters_row_top_default cmsmasters_row_bot_default cmsmasters_row_boxed\">\n<div class=\"cmsmasters_row_outer_parent\">\n<div class=\"cmsmasters_row_outer\">\n<div class=\"cmsmasters_row_inner\">\n<div class=\"cmsmasters_row_margin\">\n<div id=\"cmsmasters_column_f92e379cur\" class=\"cmsmasters_column one_fourth\">\n<div class=\"cmsmasters_column_inner\"><\/div><\/div>\n<div id=\"cmsmasters_column_dlhpxbys4c\" class=\"cmsmasters_column one_fourth\">\n<div class=\"cmsmasters_column_inner\"><div id=\"cmsmasters_button_hzvz45ndqp\" class=\"button_wrap\"><a href=\"https:\/\/www.service-public.fr\/particuliers\/vosdroits\/F18074\" class=\"cmsmasters_button\" target=\"_blank\"><span>LEGAL AID<\/span><\/a><\/div>\n<\/div><\/div>\n<div id=\"cmsmasters_column_lozqtbz5tg\" class=\"cmsmasters_column one_fourth\">\n<div class=\"cmsmasters_column_inner\"><div id=\"cmsmasters_button_e7dm5gcwe\" class=\"button_wrap\"><a href=\"https:\/\/www.service-public.fr\/particuliers\/vosdroits\/F3049\" class=\"cmsmasters_button\" target=\"_blank\"><span>LEGAL PROTECTION<\/span><\/a><\/div>\n<\/div><\/div>\n<div id=\"cmsmasters_column_1yermm4369\" class=\"cmsmasters_column one_fourth\">\n<div class=\"cmsmasters_column_inner\"><\/div><\/div>\n<\/div>\n<\/div>\n<\/div>\n<\/div>\n<\/div>\n<div id=\"cmsmasters_row_syvba525nt\" class=\"cmsmasters_row cmsmasters_color_scheme_default cmsmasters_row_fix_top_index cmsmasters_row_top_default cmsmasters_row_bot_default cmsmasters_row_boxed\">\n<div class=\"cmsmasters_row_outer_parent\">\n<div class=\"cmsmasters_row_outer\">\n<div class=\"cmsmasters_row_inner cmsmasters_row_no_margin\">\n<div class=\"cmsmasters_row_margin cmsmasters_row_columns_behavior\">\n<div id=\"cmsmasters_column_r9f17jey0r\" class=\"cmsmasters_column one_half\">\n<div class=\"cmsmasters_column_inner\"><div id=\"cmsmasters_icon_box_vmdgg2ul49\" class=\"cmsmasters_icon_box cmsmasters_icon_box_left box_icon_type_icon cmsmasters-icon-envelope-empty\">\n<div class=\"icon_box_inner\">\n<div class=\"icon_box_text\">\n<h2 style=\"margin-top: 20px;\">06 29 68 25 86<br \/>\n<a href=\"mailto:contact@bekairiavocat.fr\">contact@bekairiavocat.fr<\/a><\/h2>\n<\/div>\n<\/div>\n<\/div>\n<\/div><\/div>\n<div id=\"cmsmasters_column_1isx2m226\" class=\"cmsmasters_column one_half\">\n<div class=\"cmsmasters_column_inner\"><div id=\"cmsmasters_button_eks4246rde\" class=\"button_wrap\"><a href=\"\/en_en\/contact\/\" class=\"cmsmasters_button\"><span>CONTACT Me BEKAIRI<\/span><\/a><\/div>\n<\/div><\/div>\n<\/div>\n<\/div>\n<\/div>\n<\/div>\n<\/div>\n<div id=\"cmsmasters_row_mlx33vlav6\" class=\"cmsmasters_row cmsmasters_color_scheme_first cmsmasters_row_top_default cmsmasters_row_bot_default cmsmasters_row_boxed\">\n<div class=\"cmsmasters_row_outer_parent\">\n<div class=\"cmsmasters_row_outer\">\n<div class=\"cmsmasters_row_inner\">\n<div class=\"cmsmasters_row_margin\">\n<div id=\"cmsmasters_column_7blb2bj80w\" class=\"cmsmasters_column one_half\">\n<div class=\"cmsmasters_column_inner\"><div id=\"cmsmasters_fb_ofktyctksl\" class=\"cmsmasters_featured_block\">\n<div class=\"featured_block_inner\">\n<div class=\"featured_block_text\">\n<p>385 boulevard Robert Koch<br \/>\nImmeuble Le Triangle, B\u00e2timent B, 2<sup>\u00e8me<\/sup> \u00e9tage, Bureau 120<br \/>\n34500 B\u00e9ziers<\/p>\n\n<\/div>\n<\/div>\n<\/div>\n<\/div><\/div>\n<div id=\"cmsmasters_column_snb7sn227c\" class=\"cmsmasters_column one_half\">\n<div class=\"cmsmasters_column_inner\"><p>undefined<\/p>\n<\/div><\/div>\n<\/div>\n<\/div>\n<\/div>\n<\/div>\n<\/div>","protected":false},"excerpt":{"rendered":"","protected":false},"author":1,"featured_media":0,"parent":0,"menu_order":3,"comment_status":"closed","ping_status":"closed","template":"","meta":{"footnotes":""},"class_list":["post-1163","page","type-page","status-publish","hentry"],"yoast_head":"<!-- This site is optimized with the Yoast SEO plugin v27.3 - https:\/\/yoast.com\/product\/yoast-seo-wordpress\/ -->\n<title>Honoraires avocat, droit des entreprises et droit du travail<\/title>\n<meta name=\"description\" content=\"Un avocat au service des entreprises et des particuliers. Intervenant principalemnt \u00e0 Montpellier et \u00e0 B\u00e9ziers.\" \/>\n<meta name=\"robots\" content=\"index, follow, max-snippet:-1, max-image-preview:large, max-video-preview:-1\" \/>\n<link rel=\"canonical\" href=\"https:\/\/bekairiavocat.fr\/en_en\/honoraires\/\" \/>\n<meta property=\"og:locale\" content=\"en_GB\" \/>\n<meta property=\"og:type\" content=\"article\" \/>\n<meta property=\"og:title\" content=\"Honoraires avocat, droit des entreprises et droit du travail\" \/>\n<meta property=\"og:description\" content=\"Un avocat au service des entreprises et des particuliers. Intervenant principalemnt \u00e0 Montpellier et \u00e0 B\u00e9ziers.\" \/>\n<meta property=\"og:url\" content=\"https:\/\/bekairiavocat.fr\/en_en\/honoraires\/\" \/>\n<meta property=\"og:site_name\" content=\"Yoann Bekairi Avocat\" \/>\n<meta property=\"article:modified_time\" content=\"2024-09-30T15:57:16+00:00\" \/>\n<meta property=\"og:image\" content=\"https:\/\/bekairiavocat.fr\/wp-content\/uploads\/2020\/03\/logotype-ypann-bekaire-bleu.jpg\" \/>\n\t<meta property=\"og:image:width\" content=\"1500\" \/>\n\t<meta property=\"og:image:height\" content=\"1500\" \/>\n\t<meta property=\"og:image:type\" content=\"image\/jpeg\" \/>\n<meta name=\"twitter:card\" content=\"summary_large_image\" \/>\n<meta name=\"twitter:label1\" content=\"Estimated reading time\" \/>\n\t<meta name=\"twitter:data1\" content=\"3 minutes\" \/>\n<!-- \/ Yoast SEO plugin. -->","yoast_head_json":{"title":"Honoraires avocat, droit des entreprises et droit du travail","description":"Un avocat au service des entreprises et des particuliers. Intervenant principalemnt \u00e0 Montpellier et \u00e0 B\u00e9ziers.","robots":{"index":"index","follow":"follow","max-snippet":"max-snippet:-1","max-image-preview":"max-image-preview:large","max-video-preview":"max-video-preview:-1"},"canonical":"https:\/\/bekairiavocat.fr\/en_en\/honoraires\/","og_locale":"en_GB","og_type":"article","og_title":"Honoraires avocat, droit des entreprises et droit du travail","og_description":"Un avocat au service des entreprises et des particuliers. Intervenant principalemnt \u00e0 Montpellier et \u00e0 B\u00e9ziers.","og_url":"https:\/\/bekairiavocat.fr\/en_en\/honoraires\/","og_site_name":"Yoann Bekairi Avocat","article_modified_time":"2024-09-30T15:57:16+00:00","og_image":[{"width":1500,"height":1500,"url":"https:\/\/bekairiavocat.fr\/wp-content\/uploads\/2020\/03\/logotype-ypann-bekaire-bleu.jpg","type":"image\/jpeg"}],"twitter_card":"summary_large_image","twitter_misc":{"Estimated reading time":"3 minutes"},"schema":{"@context":"https:\/\/schema.org","@graph":[{"@type":"WebPage","@id":"https:\/\/bekairiavocat.fr\/honoraires\/","url":"https:\/\/bekairiavocat.fr\/honoraires\/","name":"Honoraires avocat, droit des entreprises et droit du travail","isPartOf":{"@id":"https:\/\/bekairiavocat.fr\/#website"},"datePublished":"2019-04-25T11:27:47+00:00","dateModified":"2024-09-30T15:57:16+00:00","description":"Un avocat au service des entreprises et des particuliers. Intervenant principalemnt \u00e0 Montpellier et \u00e0 B\u00e9ziers.","breadcrumb":{"@id":"https:\/\/bekairiavocat.fr\/honoraires\/#breadcrumb"},"inLanguage":"en-GB","potentialAction":[{"@type":"ReadAction","target":["https:\/\/bekairiavocat.fr\/honoraires\/"]}]},{"@type":"BreadcrumbList","@id":"https:\/\/bekairiavocat.fr\/honoraires\/#breadcrumb","itemListElement":[{"@type":"ListItem","position":1,"name":"Home","item":"https:\/\/bekairiavocat.fr\/"},{"@type":"ListItem","position":2,"name":"Honoraires"}]},{"@type":"WebSite","@id":"https:\/\/bekairiavocat.fr\/#website","url":"https:\/\/bekairiavocat.fr\/","name":"Yoann Bekairi Avocat","description":"B\u00e9ziers &amp; Montpellier","publisher":{"@id":"https:\/\/bekairiavocat.fr\/#organization"},"potentialAction":[{"@type":"SearchAction","target":{"@type":"EntryPoint","urlTemplate":"https:\/\/bekairiavocat.fr\/?s={search_term_string}"},"query-input":{"@type":"PropertyValueSpecification","valueRequired":true,"valueName":"search_term_string"}}],"inLanguage":"en-GB"},{"@type":"Organization","@id":"https:\/\/bekairiavocat.fr\/#organization","name":"Yoann Bekairi Avocat","url":"https:\/\/bekairiavocat.fr\/","logo":{"@type":"ImageObject","inLanguage":"en-GB","@id":"https:\/\/bekairiavocat.fr\/#\/schema\/logo\/image\/","url":"https:\/\/bekairiavocat.fr\/wp-content\/uploads\/2020\/03\/logotype-ypann-bekaire-bleu.jpg","contentUrl":"https:\/\/bekairiavocat.fr\/wp-content\/uploads\/2020\/03\/logotype-ypann-bekaire-bleu.jpg","width":1500,"height":1500,"caption":"Yoann Bekairi Avocat"},"image":{"@id":"https:\/\/bekairiavocat.fr\/#\/schema\/logo\/image\/"},"sameAs":["https:\/\/www.linkedin.com\/in\/yoann-bekairi-33ab63ab\/?originalSubdomain=fr"]}]}},"_links":{"self":[{"href":"https:\/\/bekairiavocat.fr\/en_en\/wp-json\/wp\/v2\/pages\/1163","targetHints":{"allow":["GET"]}}],"collection":[{"href":"https:\/\/bekairiavocat.fr\/en_en\/wp-json\/wp\/v2\/pages"}],"about":[{"href":"https:\/\/bekairiavocat.fr\/en_en\/wp-json\/wp\/v2\/types\/page"}],"author":[{"embeddable":true,"href":"https:\/\/bekairiavocat.fr\/en_en\/wp-json\/wp\/v2\/users\/1"}],"replies":[{"embeddable":true,"href":"https:\/\/bekairiavocat.fr\/en_en\/wp-json\/wp\/v2\/comments?post=1163"}],"version-history":[{"count":42,"href":"https:\/\/bekairiavocat.fr\/en_en\/wp-json\/wp\/v2\/pages\/1163\/revisions"}],"predecessor-version":[{"id":1979,"href":"https:\/\/bekairiavocat.fr\/en_en\/wp-json\/wp\/v2\/pages\/1163\/revisions\/1979"}],"wp:attachment":[{"href":"https:\/\/bekairiavocat.fr\/en_en\/wp-json\/wp\/v2\/media?parent=1163"}],"curies":[{"name":"wp","href":"https:\/\/api.w.org\/{rel}","templated":true}]}}