{"id":1095,"date":"2019-04-24T13:40:19","date_gmt":"2019-04-24T11:40:19","guid":{"rendered":"https:\/\/attornix.cmsmasters.net\/?page_id=1095"},"modified":"2024-09-30T17:56:48","modified_gmt":"2024-09-30T15:56:48","slug":"domaines-interventions","status":"publish","type":"page","link":"https:\/\/bekairiavocat.fr\/en_en\/domaines-interventions\/","title":{"rendered":"Services"},"content":{"rendered":"<div id=\"cmsmasters_row_him0wah5k\" class=\"cmsmasters_row cmsmasters_color_scheme_default cmsmasters_row_top_default cmsmasters_row_bot_default cmsmasters_row_boxed\">\n<div class=\"cmsmasters_row_outer_parent\">\n<div class=\"cmsmasters_row_outer\">\n<div class=\"cmsmasters_row_inner\">\n<div class=\"cmsmasters_row_margin\">\n<div id=\"cmsmasters_column_7lmdswykob\" class=\"cmsmasters_column one_first\">\n<div class=\"cmsmasters_column_inner\"><div id=\"cmsmasters_heading_7ttvxsc9eg\" class=\"cmsmasters_heading_wrap cmsmasters_heading_align_center\">\n\t<h2 class=\"cmsmasters_heading\">Ma\u00eetre BEKAIRI intervenes in targeted areas of law in order to guarantee his clients quality advice and defense<\/h2>\n<\/div>\n<\/div><\/div>\n<\/div>\n<\/div>\n<\/div>\n<\/div>\n<\/div>\n<div id=\"cmsmasters_row_4585vpdvhl\" class=\"cmsmasters_row cmsmasters_color_scheme_default cmsmasters_row_top_default cmsmasters_row_bot_default cmsmasters_row_boxed\">\n<div class=\"cmsmasters_row_outer_parent\">\n<div class=\"cmsmasters_row_outer\">\n<div class=\"cmsmasters_row_inner\">\n<div class=\"cmsmasters_row_margin\">\n<div id=\"cmsmasters_column_plx4f83e9f\" class=\"cmsmasters_column one_third\">\n<div class=\"cmsmasters_column_inner\"><div id=\"cmsmasters_icon_5fj8jav83\" class=\"cmsmasters_icon_wrap\"><span class=\"cmsmasters_simple_icon cmsmasters-icon-custom-charter\"><\/span><span class=\"cmsmasters_simple_icon_title\"><\/span><\/div>\n<\/div><\/div>\n<div id=\"cmsmasters_column_29x1yreuf4\" class=\"cmsmasters_column two_third\">\n<div class=\"cmsmasters_column_inner\"><div id=\"cmsmasters_heading_4brhh7aydb\" class=\"cmsmasters_heading_wrap cmsmasters_heading_align_left\">\n\t<h3 class=\"cmsmasters_heading\">Expertise at the service of companies <\/h3>\n<\/div><div class=\"cmsmasters_text\">\n<p class=\"translation-block\">Ma\u00eetre BEKAIRI advises and defends companies from the hiring of employees to the <u> termination of employment contracts <\/u>.<\/p>\n<p class=\"translation-block\">He assists them in the negotiation and implementation of company agreements (modulation, <u> RTT <\/u> days, annualization, management of <u> overtime <\/u>, <u> profit-sharing <\/u>, <u> participation <\/u>\u2026).<\/p>\n<p class=\"translation-block\">It also provides employers with full assistance in the organization of the <u> Social and Economic Committee <\/u> elections as well as for all issues relating to employee representatives and union representatives in the company.<\/p>\n<p class=\"translation-block\">His professional experiences allow Ma\u00eetre BEKAIRI to provide his clients with strong expertise in the management of termination of employment contracts: <u> conventional termination <\/u>, <u> dismissal for serious misconduct <\/u>, <u> dismissal for incapacity <\/u>, <u> economic dismissal <\/u> (individual or collective) ...<\/p>\n<p class=\"translation-block\">Ma\u00eetre BEKAIRI assists employers in the field of variable <u> remuneration <\/u>, specific clauses (<u> non-competition <\/u>, <u> mobility <\/u>, non-solicitation, loyalty, exclusivity , confidentiality, etc.), additional social protection (<u> mutual insurance <\/u>, <u> provident <\/u> and <u> retirement <\/u> complementary ...), international mobility and secondments , <u> health <\/u>, <u> safety <\/u> and working conditions (<u> single document for the assessment of occupational risks <\/u>, <u> internal regulations <\/u>\u2026) as well as <u> occupational accidents <\/u> and <u> occupational diseases <\/u>.<\/p>\n<p class=\"translation-block\">He frequently intervenes in the context of anticipating, assessing and managing risks in order to provide companies with adapted and controlled solutions, which often involve the <u> negotiation <\/u> of a <u> transaction <\/u>.<\/p>\n<p class=\"translation-block\">Ma\u00eetre BEKAIRI assists his clients with all types of administrative control: DIRECCTE, <u> URSSAF <\/u> and <u> labor inspection <\/u>.<\/p>\n<p class=\"translation-block\">Finally, he builds with his clients an optimal defense strategy in the context of trials before the <u> prud\u2019hommes <\/u> Council or the Judicial Court.<\/p>\n<p>Accessoirement, Ma\u00eetre BEKAIRI intervient en droit p\u00e9nal du travail et en droit des entreprises en difficult\u00e9s (<u>sauvegarde, redressement judiciaire, liquidation judiciaire<\/u>).<\/p>\n<\/div>\n<\/div><\/div>\n<\/div>\n<\/div>\n<\/div>\n<\/div>\n<\/div>\n<div id=\"cmsmasters_row_9h38xrowg\" class=\"cmsmasters_row cmsmasters_color_scheme_default cmsmasters_row_top_default cmsmasters_row_bot_default cmsmasters_row_boxed\">\n<div class=\"cmsmasters_row_outer_parent\">\n<div class=\"cmsmasters_row_outer\">\n<div class=\"cmsmasters_row_inner\">\n<div class=\"cmsmasters_row_margin\">\n<div id=\"cmsmasters_column_fdgezhx038\" class=\"cmsmasters_column one_third\">\n<div class=\"cmsmasters_column_inner\"><div id=\"cmsmasters_icon_0gbbspk299\" class=\"cmsmasters_icon_wrap\"><span class=\"cmsmasters_simple_icon cmsmasters-icon-custom-libra\"><\/span><span class=\"cmsmasters_simple_icon_title\"><\/span><\/div>\n<\/div><\/div>\n<div id=\"cmsmasters_column_nlc23ooy9k\" class=\"cmsmasters_column two_third\">\n<div class=\"cmsmasters_column_inner\"><div id=\"cmsmasters_heading_n7wde8gqz\" class=\"cmsmasters_heading_wrap cmsmasters_heading_align_left\">\n\t<h3 class=\"cmsmasters_heading\">Une expertise au service des particuliers<\/h3>\n<\/div><div class=\"cmsmasters_text\">\n<p>Accessible and available, Ma\u00eetre BEKAIRI listens to employees who consult him in the context of the difficulties they encounter with their employer.<\/p>\n<p>He assists and represents them for:<\/p>\n<ul>\n<li>Negotiate salary benefits,<\/li>\n<li class=\"translation-block\">Contest a disciplinary <u> sanction <\/u> (<u> warning <\/u>, <u> layoff <\/u>, <u> demotion <\/u>\u2026),<\/li>\n<li>Develop a negotiation strategy with a view to leaving the company amicably (contractual termination or dismissal followed by a transaction),<\/li>\n<li class=\"translation-block\">Bring the voice of its clients before the Labor Court or the Court of Appeal <\/u> in the event of a violation of the legislation by their employer (non-payment of a bonus or overtime , <u> moral harassment <\/u>, <u> discrimination <\/u>\u2026) or <u> unfair dismissal <\/u>,<\/li>\n<li class=\"translation-block\">Defend its clients in the event of <u> inexcusable misconduct <\/u>, industrial accident, occupational disease, <u> disability <\/u> or even <u> incapacity <\/u>.<\/li>\n<\/ul>\n<p>Finally, Ma\u00eetre BEKAIRI intervenes in family law and contract law.<\/p>\n<\/div>\n<\/div><\/div>\n<\/div>\n<\/div>\n<\/div>\n<\/div>\n<\/div>\n<div id=\"cmsmasters_row_z0o2fq6g9e\" class=\"cmsmasters_row cmsmasters_color_scheme_default cmsmasters_row_fix_top_index cmsmasters_row_top_default cmsmasters_row_bot_default cmsmasters_row_boxed\">\n<div class=\"cmsmasters_row_outer_parent\">\n<div class=\"cmsmasters_row_outer\">\n<div class=\"cmsmasters_row_inner cmsmasters_row_no_margin\">\n<div class=\"cmsmasters_row_margin cmsmasters_row_columns_behavior\">\n<div id=\"cmsmasters_column_r9f17jey0r\" class=\"cmsmasters_column one_half\">\n<div class=\"cmsmasters_column_inner\"><div id=\"cmsmasters_icon_box_n1o8u3nahx\" class=\"cmsmasters_icon_box cmsmasters_icon_box_left box_icon_type_icon cmsmasters-icon-envelope-empty\">\n<div class=\"icon_box_inner\">\n<div class=\"icon_box_text\">\n<h2 style=\"margin-top: 20px;\">06 29 68 25 86<br \/>\n<a href=\"mailto:contact@bekairiavocat.fr\">contact@bekairiavocat.fr<\/a><\/h2>\n<\/div>\n<\/div>\n<\/div>\n<\/div><\/div>\n<div id=\"cmsmasters_column_1isx2m226\" class=\"cmsmasters_column one_half\">\n<div class=\"cmsmasters_column_inner\"><div id=\"cmsmasters_button_5l8689trtq\" class=\"button_wrap\"><a href=\"\/en_en\/contact\/\" class=\"cmsmasters_button\"><span>CONTACT Me BEKAIRI<\/span><\/a><\/div>\n<\/div><\/div>\n<\/div>\n<\/div>\n<\/div>\n<\/div>\n<\/div>\n<div id=\"cmsmasters_row_cpagl09xh3\" class=\"cmsmasters_row cmsmasters_color_scheme_first cmsmasters_row_top_default cmsmasters_row_bot_default cmsmasters_row_boxed\">\n<div class=\"cmsmasters_row_outer_parent\">\n<div class=\"cmsmasters_row_outer\">\n<div class=\"cmsmasters_row_inner\">\n<div class=\"cmsmasters_row_margin\">\n<div id=\"cmsmasters_column_7blb2bj80w\" class=\"cmsmasters_column one_half\">\n<div class=\"cmsmasters_column_inner\"><div id=\"cmsmasters_fb_toh64xrcbn\" class=\"cmsmasters_featured_block\">\n<div class=\"featured_block_inner\">\n<div class=\"featured_block_text\">\n<p>385 boulevard Robert Koch<br \/>\nImmeuble Le Triangle, B\u00e2timent B, 2<sup>\u00e8me<\/sup> \u00e9tage, Bureau 120<br \/>\n34500 B\u00e9ziers<\/p>\n\n<\/div>\n<\/div>\n<\/div>\n<\/div><\/div>\n<div id=\"cmsmasters_column_snb7sn227c\" class=\"cmsmasters_column one_half\">\n<div class=\"cmsmasters_column_inner\"><\/div><\/div>\n<\/div>\n<\/div>\n<\/div>\n<\/div>\n<\/div>","protected":false},"excerpt":{"rendered":"","protected":false},"author":1,"featured_media":0,"parent":0,"menu_order":2,"comment_status":"closed","ping_status":"closed","template":"","meta":{"footnotes":""},"class_list":["post-1095","page","type-page","status-publish","hentry"],"yoast_head":"<!-- This site is optimized with the Yoast SEO plugin v27.3 - https:\/\/yoast.com\/product\/yoast-seo-wordpress\/ -->\n<title>Avocat de l&#039;entreprise, du travail et du droit social, Bekairi avocat \u00e0 B\u00e9ziers<\/title>\n<meta name=\"description\" content=\"Un avocat au service des entreprises et des particuliers. Intervenant principalemnt \u00e0 Montpellier et \u00e0 B\u00e9ziers.\" \/>\n<meta name=\"robots\" content=\"index, follow, max-snippet:-1, max-image-preview:large, max-video-preview:-1\" \/>\n<link rel=\"canonical\" href=\"https:\/\/bekairiavocat.fr\/en_en\/domaines-interventions\/\" \/>\n<meta property=\"og:locale\" content=\"en_GB\" \/>\n<meta property=\"og:type\" content=\"article\" \/>\n<meta property=\"og:title\" content=\"Avocat de l&#039;entreprise, du travail et du droit social, Bekairi avocat \u00e0 B\u00e9ziers\" \/>\n<meta property=\"og:description\" content=\"Un avocat au service des entreprises et des particuliers. Intervenant principalemnt \u00e0 Montpellier et \u00e0 B\u00e9ziers.\" \/>\n<meta property=\"og:url\" content=\"https:\/\/bekairiavocat.fr\/en_en\/domaines-interventions\/\" \/>\n<meta property=\"og:site_name\" content=\"Yoann Bekairi Avocat\" \/>\n<meta property=\"article:modified_time\" content=\"2024-09-30T15:56:48+00:00\" \/>\n<meta property=\"og:image\" content=\"https:\/\/bekairiavocat.fr\/wp-content\/uploads\/2020\/03\/logotype-ypann-bekaire-bleu.jpg\" \/>\n\t<meta property=\"og:image:width\" content=\"1500\" \/>\n\t<meta property=\"og:image:height\" content=\"1500\" \/>\n\t<meta property=\"og:image:type\" content=\"image\/jpeg\" \/>\n<meta name=\"twitter:card\" content=\"summary_large_image\" \/>\n<meta name=\"twitter:label1\" content=\"Estimated reading time\" \/>\n\t<meta name=\"twitter:data1\" content=\"4 minutes\" \/>\n<!-- \/ Yoast SEO plugin. -->","yoast_head_json":{"title":"Avocat de l'entreprise, du travail et du droit social, Bekairi avocat \u00e0 B\u00e9ziers","description":"Un avocat au service des entreprises et des particuliers. Intervenant principalemnt \u00e0 Montpellier et \u00e0 B\u00e9ziers.","robots":{"index":"index","follow":"follow","max-snippet":"max-snippet:-1","max-image-preview":"max-image-preview:large","max-video-preview":"max-video-preview:-1"},"canonical":"https:\/\/bekairiavocat.fr\/en_en\/domaines-interventions\/","og_locale":"en_GB","og_type":"article","og_title":"Avocat de l'entreprise, du travail et du droit social, Bekairi avocat \u00e0 B\u00e9ziers","og_description":"Un avocat au service des entreprises et des particuliers. Intervenant principalemnt \u00e0 Montpellier et \u00e0 B\u00e9ziers.","og_url":"https:\/\/bekairiavocat.fr\/en_en\/domaines-interventions\/","og_site_name":"Yoann Bekairi Avocat","article_modified_time":"2024-09-30T15:56:48+00:00","og_image":[{"width":1500,"height":1500,"url":"https:\/\/bekairiavocat.fr\/wp-content\/uploads\/2020\/03\/logotype-ypann-bekaire-bleu.jpg","type":"image\/jpeg"}],"twitter_card":"summary_large_image","twitter_misc":{"Estimated reading time":"4 minutes"},"schema":{"@context":"https:\/\/schema.org","@graph":[{"@type":"WebPage","@id":"https:\/\/bekairiavocat.fr\/domaines-interventions\/","url":"https:\/\/bekairiavocat.fr\/domaines-interventions\/","name":"Avocat de l'entreprise, du travail et du droit social, Bekairi avocat \u00e0 B\u00e9ziers","isPartOf":{"@id":"https:\/\/bekairiavocat.fr\/#website"},"datePublished":"2019-04-24T11:40:19+00:00","dateModified":"2024-09-30T15:56:48+00:00","description":"Un avocat au service des entreprises et des particuliers. Intervenant principalemnt \u00e0 Montpellier et \u00e0 B\u00e9ziers.","breadcrumb":{"@id":"https:\/\/bekairiavocat.fr\/domaines-interventions\/#breadcrumb"},"inLanguage":"en-GB","potentialAction":[{"@type":"ReadAction","target":["https:\/\/bekairiavocat.fr\/domaines-interventions\/"]}]},{"@type":"BreadcrumbList","@id":"https:\/\/bekairiavocat.fr\/domaines-interventions\/#breadcrumb","itemListElement":[{"@type":"ListItem","position":1,"name":"Home","item":"https:\/\/bekairiavocat.fr\/"},{"@type":"ListItem","position":2,"name":"Domaines d&#8217;interventions"}]},{"@type":"WebSite","@id":"https:\/\/bekairiavocat.fr\/#website","url":"https:\/\/bekairiavocat.fr\/","name":"Yoann Bekairi Avocat","description":"B\u00e9ziers &amp; Montpellier","publisher":{"@id":"https:\/\/bekairiavocat.fr\/#organization"},"potentialAction":[{"@type":"SearchAction","target":{"@type":"EntryPoint","urlTemplate":"https:\/\/bekairiavocat.fr\/?s={search_term_string}"},"query-input":{"@type":"PropertyValueSpecification","valueRequired":true,"valueName":"search_term_string"}}],"inLanguage":"en-GB"},{"@type":"Organization","@id":"https:\/\/bekairiavocat.fr\/#organization","name":"Yoann Bekairi Avocat","url":"https:\/\/bekairiavocat.fr\/","logo":{"@type":"ImageObject","inLanguage":"en-GB","@id":"https:\/\/bekairiavocat.fr\/#\/schema\/logo\/image\/","url":"https:\/\/bekairiavocat.fr\/wp-content\/uploads\/2020\/03\/logotype-ypann-bekaire-bleu.jpg","contentUrl":"https:\/\/bekairiavocat.fr\/wp-content\/uploads\/2020\/03\/logotype-ypann-bekaire-bleu.jpg","width":1500,"height":1500,"caption":"Yoann Bekairi Avocat"},"image":{"@id":"https:\/\/bekairiavocat.fr\/#\/schema\/logo\/image\/"},"sameAs":["https:\/\/www.linkedin.com\/in\/yoann-bekairi-33ab63ab\/?originalSubdomain=fr"]}]}},"_links":{"self":[{"href":"https:\/\/bekairiavocat.fr\/en_en\/wp-json\/wp\/v2\/pages\/1095","targetHints":{"allow":["GET"]}}],"collection":[{"href":"https:\/\/bekairiavocat.fr\/en_en\/wp-json\/wp\/v2\/pages"}],"about":[{"href":"https:\/\/bekairiavocat.fr\/en_en\/wp-json\/wp\/v2\/types\/page"}],"author":[{"embeddable":true,"href":"https:\/\/bekairiavocat.fr\/en_en\/wp-json\/wp\/v2\/users\/1"}],"replies":[{"embeddable":true,"href":"https:\/\/bekairiavocat.fr\/en_en\/wp-json\/wp\/v2\/comments?post=1095"}],"version-history":[{"count":26,"href":"https:\/\/bekairiavocat.fr\/en_en\/wp-json\/wp\/v2\/pages\/1095\/revisions"}],"predecessor-version":[{"id":1978,"href":"https:\/\/bekairiavocat.fr\/en_en\/wp-json\/wp\/v2\/pages\/1095\/revisions\/1978"}],"wp:attachment":[{"href":"https:\/\/bekairiavocat.fr\/en_en\/wp-json\/wp\/v2\/media?parent=1095"}],"curies":[{"name":"wp","href":"https:\/\/api.w.org\/{rel}","templated":true}]}}